{"id":294,"date":"2022-03-16T20:09:31","date_gmt":"2022-03-16T19:09:31","guid":{"rendered":"http:\/\/new.metal-escalation.at\/?page_id=294"},"modified":"2023-03-05T19:33:42","modified_gmt":"2023-03-05T18:33:42","slug":"verein","status":"publish","type":"page","link":"http:\/\/www.metal-escalation.at\/index.php\/verein\/","title":{"rendered":"Verein"},"content":{"rendered":"\n<p>Willkommen auf unserer Vereins Webseite \u201eMetal Escalation\u201c Um unseren Verein beizutreten, schreibt uns bitte \u00fcber das Kontaktformular<\/p>\n\n\n\n<p>Wir m\u00f6chten euch gerne unseren Verein und den Zweck des Vereins ein bisschen vorstellen. Der Gedanke des Vereins ist, f\u00fcr Metalfans die sich zu uns gesellen m\u00f6chten, eine Plattform zu bieten um sich auszutauschen, Neuigkeiten zu erfahren oder mitzuteilen und\/oder gemeinsam lustige Abende im Vereinslokal zu verbringen. Es soll auch die M\u00f6glichkeit bestehen, innerhalb des Vereins Fahrtgemeinschaften, oder ggf. auch Busse zu Konzerten o.\u00e4. zu organisieren. Und nat\u00fcrlich unser Festival nicht zu vergessen\u2026.<\/p>\n\n\n\n<p>In unserer Region wurde Metal fr\u00fcher sehr ausgepr\u00e4gt gelebt und unser Ziel ist es, das ein St\u00fcck weit zur\u00fcck zu holen. Nicht nur durch unser Festival, dass Ende August stattfinden wird!<\/p>\n\n\n\n<p>Nachdem es auch kein Geheimnis ist wer wir sind und unser Verein f\u00fcr alle Metalfans zug\u00e4nglich sein soll, stellen wir die 6 K\u00f6pfe unseres Vorstands nat\u00fcrlich auch gern vor:<\/p>\n\n\n\n<figure class=\"wp-block-image size-full\"><img loading=\"lazy\" decoding=\"async\" width=\"700\" height=\"438\" src=\"http:\/\/www.metal-escalation.at\/wp-content\/uploads\/2023\/02\/vorstand23web.jpg\" alt=\"\" class=\"wp-image-877\" srcset=\"http:\/\/www.metal-escalation.at\/wp-content\/uploads\/2023\/02\/vorstand23web.jpg 700w, http:\/\/www.metal-escalation.at\/wp-content\/uploads\/2023\/02\/vorstand23web-300x188.jpg 300w\" sizes=\"auto, (max-width: 700px) 100vw, 700px\" \/><\/figure>\n\n\n\n<p>Chris: ist der gr\u00f6\u00dfte T\u00e4gtgren Fan den wir kennen. Au\u00dferdem der schnellste Schweizer und unser Verhandlungs- und Organisationstalent. \ud83d\ude0a<\/p>\n\n\n\n<p>Karl: unser Mann mit Durchschlag\u2026nein, nicht mit dem Hammer, sondern begeisterter Drummer. Au\u00dferdem der Erfinder unseres \u201eEscalation Blut\u00b4s\u201c \ud83d\ude0a (gibt\u2019s am Festival zum Probieren)<\/p>\n\n\n\n<p>Gabi: ist unser &#8222;Metal Dagobert Duck&#8220; und schaut das die Kassa stimmt. Damit wir auch weiter hin Konzerte und Festivals durchf\u00fchren k\u00f6nnen<\/p>\n\n\n\n<p>Horst: mit seiner Leidenschaft f\u00fcr Metal und Zahlen, hilft in jedem Bereich wo immer er kann <\/p>\n\n\n\n<p>Luke: unser Nachwuchs-Metalhead, der immer mit Schraubenzieher und vollem Biss dabei ist und vor allem: st\u00e4ndig unter Strom \ud83d\ude0a<\/p>\n\n\n\n<p>Liz: ist die mit den manchmal etwas verr\u00fcckten Ideen. Ihr Motto: \u201eNormal kann jeder\u201c. \ud83d\ude09<\/p>\n\n\n\n<p>Also wenn ihr Bock auf Metal habt und Lust und Laune mal die Leute zu treffen, oder in den Verein zu kommen, schaut einfach bei einem unserer Vereinsabende vorbei. Wir treffen uns jeden ersten Samstag im Monat um 20 Uhr im Gasthaus Kirchenst\u00fcberl in Schl\u00f6glm\u00fchl bei Gloggnitz.<\/p>\n\n\n\n<p>Bis dahin \u2026<\/p>\n","protected":false},"excerpt":{"rendered":"<p>Willkommen auf unserer Vereins Webseite \u201eMetal Escalation\u201c Um unseren Verein beizutreten, schreibt uns bitte \u00fcber das Kontaktformular Wir m\u00f6chten euch gerne unseren Verein und den Zweck des Vereins ein bisschen vorstellen. Der Gedanke des Vereins ist, f\u00fcr Metalfans die sich zu uns gesellen m\u00f6chten, eine Plattform zu bieten um sich auszutauschen, Neuigkeiten zu erfahren oder [&hellip;]<\/p>\n","protected":false},"author":1,"featured_media":0,"parent":0,"menu_order":60,"comment_status":"closed","ping_status":"closed","template":"","meta":{"ngg_post_thumbnail":0,"footnotes":""},"class_list":["post-294","page","type-page","status-publish","hentry"],"_links":{"self":[{"href":"http:\/\/www.metal-escalation.at\/index.php\/wp-json\/wp\/v2\/pages\/294","targetHints":{"allow":["GET"]}}],"collection":[{"href":"http:\/\/www.metal-escalation.at\/index.php\/wp-json\/wp\/v2\/pages"}],"about":[{"href":"http:\/\/www.metal-escalation.at\/index.php\/wp-json\/wp\/v2\/types\/page"}],"author":[{"embeddable":true,"href":"http:\/\/www.metal-escalation.at\/index.php\/wp-json\/wp\/v2\/users\/1"}],"replies":[{"embeddable":true,"href":"http:\/\/www.metal-escalation.at\/index.php\/wp-json\/wp\/v2\/comments?post=294"}],"version-history":[{"count":9,"href":"http:\/\/www.metal-escalation.at\/index.php\/wp-json\/wp\/v2\/pages\/294\/revisions"}],"predecessor-version":[{"id":894,"href":"http:\/\/www.metal-escalation.at\/index.php\/wp-json\/wp\/v2\/pages\/294\/revisions\/894"}],"wp:attachment":[{"href":"http:\/\/www.metal-escalation.at\/index.php\/wp-json\/wp\/v2\/media?parent=294"}],"curies":[{"name":"wp","href":"https:\/\/api.w.org\/{rel}","templated":true}]}}