{"id":3,"date":"2021-12-14T19:46:24","date_gmt":"2021-12-14T18:46:24","guid":{"rendered":"http:\/\/new.metal-escalation.at\/?page_id=3"},"modified":"2023-01-09T17:52:31","modified_gmt":"2023-01-09T16:52:31","slug":"datenschutzerklaerung","status":"publish","type":"page","link":"http:\/\/www.metal-escalation.at\/index.php\/kontakt\/datenschutzerklaerung\/","title":{"rendered":"Datenschutzerkl\u00e4rung"},"content":{"rendered":"\n<p><strong>Datenschutzerkl\u00e4rung Website Metal Escalation Konzertveranstaltung e.V.<\/strong><\/p>\n\n\n\n<p>Der Schutz Ihrer Daten ist uns wichtig. Wir wollen Sie daher an dieser Stelle dar\u00fcber informieren, welche personenbezogenen Daten wir in unserem Verein zu welchem Zweck verarbeiten.<\/p>\n\n\n\n<p><strong>Ihre Teilnahme an unseren Veranstaltungen<\/strong><\/p>\n\n\n\n<p>Als Teilnehmer\/in an Veranstaltungen unseres Vereins werden Ihre personenbezogenen Daten, soweit diese f\u00fcr die Anmeldung oder Teilnahme an den Veranstaltungen erforderlich sind, gespeichert.<\/p>\n\n\n\n<p>Wir d\u00fcrfen Sie dar\u00fcber hinaus informieren, dass im Rahmen unserer Vereinsveranstaltungen m\u00f6glicherweise Fotografien, Ton- und\/oder Videoaufnahmen erstellt werden. Diese Aufnahmen k\u00f6nnen in verschiedenen Medien (Print, TV, Online) und in Publikationen (Print, Online) unseres Vereins, Verwendung finden.<\/p>\n\n\n\n<p><strong>Ihr Besuch auf unserer Website<\/strong><\/p>\n\n\n\n<p>Der Verein ist f\u00fcr die inhaltliche Gestaltung der Website verantwortlich und ist sowohl Medieninhaber als auch Herausgeber. Im Zuge Ihres Besuchs unserer Website werden wir folgende Informationen erheben<\/p>\n\n\n\n<p>Das Datum und die Uhrzeit des Aufrufs unserer Website<\/p>\n\n\n\n<p>Ihre IP-Adresse<\/p>\n\n\n\n<p>Name und Version Ihres Webbrowsers<\/p>\n\n\n\n<p>Und jene Informationen, die Sie selbst durch Ausf\u00fcllen des<\/p>\n\n\n\n<p>Kontaktformulars oder Registrierung f\u00fcr unseren Newsletter zur Verf\u00fcgung stellen.<\/p>\n\n\n\n<p>Diese Daten werden zu folgenden Zwecken verarbeitet:<\/p>\n\n\n\n<p>um Ihnen diese Website zur Verf\u00fcgung zu stellen,<\/p>\n\n\n\n<p>diese Website weiter zu verbessern und zu entwickeln sowie<\/p>\n\n\n\n<p>um auf Ihre Anfragen zu antworten<\/p>\n\n\n\n<p>Wenn Sie auf dieser Website personenbezogene Daten eingeben, erteilen Sie uns mit der Eingabe Ihrer Daten die Zustimmung, dass wir diese Daten zum angegebenen Zweck elektronisch verwenden d\u00fcrfen. Diese Daten werden sicher verwahrt und nicht an Dritte weitergegeben. Davon ausgenommen ist die Weitergabe an staatliche Beh\u00f6rden, sofern der Verein gesetzlich dazu verpflichtet ist.<\/p>\n\n\n\n<p>Es besteht keine Verpflichtung, jene Daten, um deren Angabe wir Sie auf unserer Website bitten, tats\u00e4chlich anzugeben. Wenn Sie dies jedoch nicht tun, wird es Ihnen nicht m\u00f6glich sein, alle Funktionen der Website zu nutzen.<\/p>\n\n\n\n<p><strong>Kontaktformular<\/strong><br><br>Wenn Sie uns per Kontaktformular Anfragen zukommen lassen, werden Ihre Angaben aus dem Anfrageformular inklusive der von Ihnen dort angegebenen Kontaktdaten zwecks Bearbeitung der Anfrage und f\u00fcr den Fall von Anschlussfragen bei uns gespeichert. Diese Daten geben wir nicht ohne Ihre Einwilligung weiter.<\/p>\n\n\n\n<p><strong>Rechtsgrundlagen der Verarbeitung<\/strong><\/p>\n\n\n\n<p>Die rechtliche Grundlage f\u00fcr die Verarbeitung Ihrer personenbezogenen Daten erfolgt aufgrund Ihres Mitgliedschaftsverh\u00e4ltnisses, Ihrer Teilnahme an unseren Veranstaltungen, Ihres Besuchs auf unserer Website bzw. liegt sonst in unserem berechtigten Interesse gem\u00e4\u00df DSGVO, welches darin besteht, die oben unter&nbsp;Absatz 1.-3. genannten Zwecke zu erreichen.<\/p>\n\n\n\n<p><strong>Cookies<\/strong><\/p>\n\n\n\n<p>Auf dieser Website werden sogenannte Cookies verwendet. Ein Cookie ist eine Datei, die auf Ihrem Computer gespeichert werden kann, wie Sie eine Website besuchen. Grunds\u00e4tzlich werden Cookies verwendet, um Nutzer\/innen zus\u00e4tzliche Funktionen auf einer Website zu bieten. Sie k\u00f6nnen zum Beispiel verwendet werden, um Ihnen die Navigation auf der Website zu erleichtern, es Ihnen zu erm\u00f6glichen, eine Website dort weiter zu verwenden, wie Sie sie verlassen haben und\/oder Ihre Pr\u00e4ferenzen und Einstellungen zu speichern, wenn Sie die Website wieder besuchen. Cookies k\u00f6nnen auf keine anderen Daten auf Ihrem Computer zugreifen, diese lesen oder ver\u00e4ndern. Wenn Sie Cookies nicht akzeptieren m\u00f6chten, \u00e4ndern Sie bitte Ihre Browsereinstellung entsprechend. Beachten Sie, dass dadurch Funktionalit\u00e4ten der Website eingeschr\u00e4nkt werden k\u00f6nnen.<\/p>\n\n\n\n<p><strong>\u00dcbermittlung Ihrer personenbezogenen Daten an Dritte<\/strong><\/p>\n\n\n\n<p>Wir setzen zur sicheren Verarbeitung Ihrer personenbezogenen Daten sowie auf unserer Website auch Programme und Tools von Drittanbietern ein, mit welchen wir Auftragsverarbeitungsvereinbarungen abgeschlossen und damit sichergestellt haben, dass auch diese den Schutz Ihrer personenbezogenen Daten im Sinne der DSGVO gew\u00e4hrleisten. Dies betrifft folgende Anbieter:<\/p>\n\n\n\n<p>Firma CKsecurity als Hoster unserer Website<\/p>\n\n\n\n<p>Google Analytics f\u00fcr die Analyse der Websitezugriffe<\/p>\n\n\n\n<p><strong>Nutzung von Google Analytics<\/strong><br><br>Diese Website nutzt Funktionen des &nbsp;Webanalysedienstes Google Analytics. Anbieter ist die Google Inc. 1600 Amphitheatre Parkway Mountain View, CA 94043, USA. Google Analytics verwendet sog. &#8222;Cookies&#8220;. Das sind Textdateien, die auf Ihrem Computer gespeichert werden und die eine Analyse der Benutzung der Website durch Sie erm\u00f6glichen. Die durch den Cookie erzeugten Informationen \u00fcber Ihre Benutzung dieser Website werden in der Regel an einen Server von Google in den USA \u00fcbertragen und dort gespeichert.<br>Im Falle der Aktivierung der IP-Anonymisierung auf dieser Webseite wird Ihre IP-Adresse von Google jedoch innerhalb von Mitgliedstaaten der Europ\u00e4ischen Union oder in anderen Vertragsstaaten des Abkommens \u00fcber den Europ\u00e4ischen Wirtschaftsraum zuvor gek\u00fcrzt. Nur in Ausnahmef\u00e4llen wird die volle IP-Adresse an einen Server von Google in den USA \u00fcbertragen und dort gek\u00fcrzt.<br>Im Auftrag des Betreibers dieser Website wird Google diese Informationen benutzen, um Ihre Nutzung der Website auszuwerten, um Reports \u00fcber die Websiteaktivit\u00e4ten zusammenzustellen und um weitere mit der Websitenutzung und der Internetnutzung verbundene Dienstleistungen gegen\u00fcber dem Websitebetreiber zu erbringen. Die im Rahmen von Google Analytics von Ihrem Browser \u00fcbermittelte IP-Adresse wird nicht mit anderen Daten von Google zusammengef\u00fchrt.<\/p>\n\n\n\n<p><strong>Einsatz von Google Maps<\/strong><br><br>Diese Website benutzt Google Maps zur Darstellung von Karten und zur Erstellung von Anfahrtspl\u00e4nen.&nbsp;Google Maps wird von Google Inc., 1600 Amphitheatre Parkway, Mountain View, CA 94043, USA betrieben.&nbsp;Durch die Nutzung dieser Website erkl\u00e4ren Sie sich mit der Erfassung, Bearbeitung sowie der Nutzung der automatisch erhobenen sowie der von Ihnen eingegeben Daten durch Google, einer seiner Vertreter, oder Drittanbieter einverstanden.<br>Die Nutzungsbedingungen f\u00fcr Google Maps finden Sie <a href=\"https:\/\/www.google.com\/intl\/de_de\/help\/terms_maps\/\" target=\"_blank\" rel=\"noreferrer noopener\">hier<\/a>.<br>Die Datenschutzerkl\u00e4rung von Google Maps k\u00f6nnen Sie <a href=\"https:\/\/policies.google.com\/privacy?hl=de&amp;gl=de\" target=\"_blank\" rel=\"noreferrer noopener\">hier<\/a> einsehen.<\/p>\n\n\n\n<p><strong>Ihre Rechte im Zusammenhang mit Ihren personenbezogenen&nbsp;<\/strong><strong>Daten<\/strong><\/p>\n\n\n\n<p>Ihnen stehen grunds\u00e4tzlich die Rechte auf Auskunft, Berichtigung, L\u00f6schung, Einschr\u00e4nkung, Daten\u00fcbertragbarkeit und Widerspruch zu. Daf\u00fcr wenden Sie sich an uns: Metal Escalation Konzertveranstaltung, 2640 Gloggnitz, Raiffeisengasse 8, Mail: <a href=\"mailto:info@metal-escalation.at\">info@metal-escalation.at<\/a><\/p>\n\n\n\n<p>Wenn Sie der Meinung sind, dass die Verarbeitung Ihrer Daten gegen das Datenschutzrecht verst\u00f6\u00dft oder Ihre datenschutzrechtlichen Anspr\u00fcche sonst in einer Weise verletzt worden sind, haben Sie die M\u00f6glichkeit sich an die Datenschutzbeh\u00f6rde zu wenden.<\/p>\n\n\n\n<p><strong>Urheberrecht<\/strong><\/p>\n\n\n\n<p>Der Inhalt dieser Homepage ist urheberrechtlich gesch\u00fctzt. Die Informationen sind nur f\u00fcr die pers\u00f6nliche Verwendung bestimmt. Jede weitergehende Nutzung &#8211; insbesondere die Speicherung in Datenbanken, die Vervielf\u00e4ltigung und jede Form von gewerblicher Nutzung sowie die Weitergabe an Dritte (auch in Teilen oder in \u00fcberarbeiteter Form) &#8211; ohne Zustimmung des Vereins ist untersagt.<\/p>\n\n\n\n<p><strong>Haftungsausschluss<\/strong><\/p>\n\n\n\n<p>Im Hinblick auf die technischen Eigenschaften des Internets kann keine Gew\u00e4hr f\u00fcr die Authentizit\u00e4t, Richtigkeit und Vollst\u00e4ndigkeit der im Internet zur Verf\u00fcgung gestellten Informationen \u00fcbernommen werden. Des Weiteren wird auch keine Gew\u00e4hr f\u00fcr die Verf\u00fcgbarkeit oder den Betrieb der gegenst\u00e4ndlichen Homepage und ihrer Inhalte \u00fcbernommen.<\/p>\n\n\n\n<p>Jede Haftung f\u00fcr unmittelbare, mittelbare oder sonstige Sch\u00e4den, unabh\u00e4ngig von deren Ursachen, die aus der Benutzung oder Nichtverf\u00fcgbarkeit der Daten und Informationen dieser Homepage erwachsen, wird, soweit rechtlich zul\u00e4ssig, ausgeschlossen.<\/p>\n\n\n\n<p>Der Verein weist darauf hin, dass f\u00fcr die Inhalte der Hyperlinks keine Verantwortung und keine Haftung \u00fcbernommen wird. Jede Einbindung einzelner Seiten oder sonstiger Ausz\u00fcge von www.metal-escalation.at in fremde Frames ist untersagt.<\/p>\n\n\n\n<p>Der Verein \u00fcberpr\u00fcft andere Webseiten, zu denen sich direkte Zugangsm\u00f6glichkeiten (Links) auf den Vereins-Internetseiten befinden, nicht hinsichtlich Inhalt und Gesetzm\u00e4\u00dfigkeit. Der Verein \u00fcbernimmt keinen Einfluss auf die Gestaltung dieser Webseiten und distanziert sich ausdr\u00fccklich von den dort dargestellten, allenfalls ungesetzlichen Inhalten. Der Verein \u00fcbernimmt dar\u00fcber hinaus keine Verantwortung f\u00fcr solche Inhalte und haftet f\u00fcr derartige Inhalte auch nicht.<\/p>\n\n\n\n<p><strong>Beschwerdem\u00f6glichkeit<\/strong><br><br>Sie haben die M\u00f6glichkeit hinsichtlich der rechtswidrigen Verarbeitung Ihrer Daten jederzeit Beschwerde an die \u00d6sterreichische Datenschutzbeh\u00f6rde, Barichgasse 40-42,&nbsp;1030 Wien,&nbsp;Telefon: +43 1 52 152-0, Telefax: +43 1 531 15-202690,<a href=\"mailto:dsb@dsb.at\">dsb@dsb.at<\/a> zu erheben.<\/p>\n","protected":false},"excerpt":{"rendered":"<p>Datenschutzerkl\u00e4rung Website Metal Escalation Konzertveranstaltung e.V. Der Schutz Ihrer Daten ist uns wichtig. Wir wollen Sie daher an dieser Stelle dar\u00fcber informieren, welche personenbezogenen Daten wir in unserem Verein zu welchem Zweck verarbeiten. Ihre Teilnahme an unseren Veranstaltungen Als Teilnehmer\/in an Veranstaltungen unseres Vereins werden Ihre personenbezogenen Daten, soweit diese f\u00fcr die Anmeldung oder Teilnahme [&hellip;]<\/p>\n","protected":false},"author":1,"featured_media":0,"parent":59,"menu_order":82,"comment_status":"closed","ping_status":"open","template":"","meta":{"ngg_post_thumbnail":0,"footnotes":""},"class_list":["post-3","page","type-page","status-publish","hentry"],"_links":{"self":[{"href":"http:\/\/www.metal-escalation.at\/index.php\/wp-json\/wp\/v2\/pages\/3","targetHints":{"allow":["GET"]}}],"collection":[{"href":"http:\/\/www.metal-escalation.at\/index.php\/wp-json\/wp\/v2\/pages"}],"about":[{"href":"http:\/\/www.metal-escalation.at\/index.php\/wp-json\/wp\/v2\/types\/page"}],"author":[{"embeddable":true,"href":"http:\/\/www.metal-escalation.at\/index.php\/wp-json\/wp\/v2\/users\/1"}],"replies":[{"embeddable":true,"href":"http:\/\/www.metal-escalation.at\/index.php\/wp-json\/wp\/v2\/comments?post=3"}],"version-history":[{"count":1,"href":"http:\/\/www.metal-escalation.at\/index.php\/wp-json\/wp\/v2\/pages\/3\/revisions"}],"predecessor-version":[{"id":50,"href":"http:\/\/www.metal-escalation.at\/index.php\/wp-json\/wp\/v2\/pages\/3\/revisions\/50"}],"up":[{"embeddable":true,"href":"http:\/\/www.metal-escalation.at\/index.php\/wp-json\/wp\/v2\/pages\/59"}],"wp:attachment":[{"href":"http:\/\/www.metal-escalation.at\/index.php\/wp-json\/wp\/v2\/media?parent=3"}],"curies":[{"name":"wp","href":"https:\/\/api.w.org\/{rel}","templated":true}]}}