{"id":57,"date":"2021-12-14T21:41:30","date_gmt":"2021-12-14T20:41:30","guid":{"rendered":"http:\/\/new.metal-escalation.at\/?page_id=57"},"modified":"2026-01-18T17:44:14","modified_gmt":"2026-01-18T16:44:14","slug":"festival","status":"publish","type":"page","link":"http:\/\/www.metal-escalation.at\/index.php\/festival\/","title":{"rendered":"Festival 28. \/ 29.08.2026"},"content":{"rendered":"<style type='text\/css'>.wpcdt-timer-366 .wpcdt-clock{max-width: 750px;}<\/style>\n<div class=\"wpcdt-wrap wpcdt-timer-wrap wpcdt-clearfix  wpcdt-timer-circle wpcdt-timer-366\" data-conf=\"{&quot;current_date&quot;:&quot;2026-04-30 15:49:01&quot;,&quot;expiry_date&quot;:&quot;2026-08-28 13:30:00&quot;,&quot;timercircle_animation&quot;:&quot;smooth&quot;,&quot;timercircle_width&quot;:0.1,&quot;timer_bg_width&quot;:1.2,&quot;timer_bgclr&quot;:&quot;#313332&quot;,&quot;timer_day_bgclr&quot;:&quot;#e3be32&quot;,&quot;timer_hour_bgclr&quot;:&quot;#36b0e3&quot;,&quot;timer_minute_bgclr&quot;:&quot;#75bf44&quot;,&quot;timer_second_bgclr&quot;:&quot;#66c5af&quot;,&quot;day_text&quot;:&quot;Tage&quot;,&quot;hour_text&quot;:&quot;Std&quot;,&quot;minute_text&quot;:&quot;Min&quot;,&quot;second_text&quot;:&quot;Sek&quot;,&quot;is_days&quot;:1,&quot;is_hours&quot;:1,&quot;is_minutes&quot;:1,&quot;is_seconds&quot;:1}\">\n\t<div class=\"wpcdt-timer-inr wpcdt-timer wpcdt-timer-js\" id=\"wpcdt-timer-1\" data-id=\"366\">\n\t\t<div class=\"wpcdt-clock wpcdt-clock-circle\" data-timer=\"10359659\"><\/div>\n\t<\/div>\n<\/div>\n\n\n\n<p>Nach dem Festival ist vor dem Festival und auch wenn es in den letzten Wochen etwas ruhiger auf unserer Seite war, so sind wir schon wieder voll in Planung f\u00fcr unser MEF 2026.<br>Ein Festival von Fans f\u00fcr Fans ist und wird es auch bleiben und daher bedanken wir uns an der Stelle nochmal bei allen mit einem riesen Dankesch\u00f6n f\u00fcr euren Support in den letzten Jahren\u2026<br>Im Ticketpreis ist Parken und Camping inkludiert.<br>Es gibt Tagesticket oder Festivalpass.<br>Ende August 2026 m\u00f6chten wir wieder mit euch und vielen tollen Bands, so wie der ein oder anderen \u00dcberraschung, gemeinsam feiern.<\/p>\n\n\n\n<p><strong>Wegbeschreibung:<br><\/strong>Ab Autobahn Ausfahrt S6 Gloggnitz. Auf Triester Bundesstra\u00dfe\/B17 rechts abbiegen. In Enzenreith links abbiegen auf Haldenweg. Rechts halten auf Alois Orth-Allee.<\/p>\n\n\n\n<figure class=\"wp-block-image size-full\"><img loading=\"lazy\" decoding=\"async\" width=\"800\" height=\"1000\" src=\"http:\/\/www.metal-escalation.at\/wp-content\/uploads\/2025\/10\/MEF26_Lageplan.png\" alt=\"\" class=\"wp-image-1865\"\/><\/figure>\n\n\n\n<figure class=\"wp-block-image size-full\"><img loading=\"lazy\" decoding=\"async\" width=\"1019\" height=\"214\" src=\"http:\/\/www.metal-escalation.at\/wp-content\/uploads\/2022\/06\/Raika_2.png\" alt=\"\" class=\"wp-image-451\" srcset=\"http:\/\/www.metal-escalation.at\/wp-content\/uploads\/2022\/06\/Raika_2.png 1019w, http:\/\/www.metal-escalation.at\/wp-content\/uploads\/2022\/06\/Raika_2-300x63.png 300w, http:\/\/www.metal-escalation.at\/wp-content\/uploads\/2022\/06\/Raika_2-768x161.png 768w\" sizes=\"auto, (max-width: 1019px) 100vw, 1019px\" \/><\/figure>\n\n\n\n<p><a href=\"https:\/\/www.raiffeisen.at\/noew\/wiener-alpen\/de\/meine-bank.html\" target=\"_blank\" rel=\"noreferrer noopener\">https:\/\/www.raiffeisen.at\/noew\/wiener-alpen\/de\/meine-bank.html<\/a><\/p>\n\n\n\n<p><a href=\"https:\/\/jelo.at\/\" target=\"_blank\" rel=\"noreferrer noopener\">www.jelo.at<\/a><\/p>\n","protected":false},"excerpt":{"rendered":"<p>Nach dem Festival ist vor dem Festival und auch wenn es in den letzten Wochen etwas ruhiger auf unserer Seite war, so sind wir schon wieder voll in Planung f\u00fcr unser MEF 2026.Ein Festival von Fans f\u00fcr Fans ist und wird es auch bleiben und daher bedanken wir uns an der Stelle nochmal bei allen [&hellip;]<\/p>\n","protected":false},"author":1,"featured_media":0,"parent":0,"menu_order":10,"comment_status":"closed","ping_status":"closed","template":"","meta":{"ngg_post_thumbnail":0,"footnotes":""},"class_list":["post-57","page","type-page","status-publish","hentry"],"_links":{"self":[{"href":"http:\/\/www.metal-escalation.at\/index.php\/wp-json\/wp\/v2\/pages\/57","targetHints":{"allow":["GET"]}}],"collection":[{"href":"http:\/\/www.metal-escalation.at\/index.php\/wp-json\/wp\/v2\/pages"}],"about":[{"href":"http:\/\/www.metal-escalation.at\/index.php\/wp-json\/wp\/v2\/types\/page"}],"author":[{"embeddable":true,"href":"http:\/\/www.metal-escalation.at\/index.php\/wp-json\/wp\/v2\/users\/1"}],"replies":[{"embeddable":true,"href":"http:\/\/www.metal-escalation.at\/index.php\/wp-json\/wp\/v2\/comments?post=57"}],"version-history":[{"count":37,"href":"http:\/\/www.metal-escalation.at\/index.php\/wp-json\/wp\/v2\/pages\/57\/revisions"}],"predecessor-version":[{"id":1900,"href":"http:\/\/www.metal-escalation.at\/index.php\/wp-json\/wp\/v2\/pages\/57\/revisions\/1900"}],"wp:attachment":[{"href":"http:\/\/www.metal-escalation.at\/index.php\/wp-json\/wp\/v2\/media?parent=57"}],"curies":[{"name":"wp","href":"https:\/\/api.w.org\/{rel}","templated":true}]}}